{"id":3697,"date":"2015-12-02T09:21:17","date_gmt":"2015-12-02T09:21:17","guid":{"rendered":"https:\/\/directcare.ch\/nos-prestations\/"},"modified":"2020-07-03T18:02:07","modified_gmt":"2020-07-03T16:02:07","slug":"nos-prestations","status":"publish","type":"page","link":"https:\/\/directcare.ch\/de\/nos-prestations\/","title":{"rendered":"Unsere Grunddienstleistungen"},"content":{"rendered":"<p><section id=\"bt_section69e9f02fd679f\"  class=\"boldSection btDivider topSemiSpaced bottomSemiSpaced btDarkSkin gutter inherit\" style=\"background-color:#13638c;\"><div class=\"port\"><div class=\"boldCell\"><div class=\"boldCellInner\"><div class=\"boldRow  \" ><div class=\"boldRowInner\"><div class=\"rowItem col-md-12 col-ms-12  btTextLeft animate animate-fadein animate-moveleft inherit\"  ><div class=\"rowItemContent\" ><div class=\"btClear btSeparator topExtraSmallSpaced noBorder\" ><hr><\/div><div class=\"btClear btSeparator topExtraSmallSpaced noBorder\" ><hr><\/div><header class=\"header btClear large  btNormalDash\" ><div class=\"dash\"><h2><span class=\"headline\">Unsere Grunddienstleistungen<\/span><\/h2><\/div><\/header><\/div><\/div><\/div><\/div><\/div><\/div><\/div><\/section><section id=\"bt_section69e9f02fd6bf7\"  class=\"boldSection topSpaced bottomSpaced gutter inherit\" ><div class=\"port\"><div class=\"boldCell\"><div class=\"boldCellInner\"><div class=\"boldRow  \" ><div class=\"boldRowInner\"><div class=\"rowItem col-md-6 col-sm-12 btTextLeft animate animate-fadein animate-moveright btMiddleVertical\"  ><div class=\"rowItemContent\" ><header class=\"header btClear large btDash topDash  btAccentDash\" style=\" font-size:35px; font-weight:700; color:#222;\"><div class=\"dash\"><h2><span class=\"greyHeaderText\"><b class=\"animate animated\">Ein attraktives Grundangebot<\/b><\/span><\/h2><\/div><\/header><div class=\"btText\" ><\/p>\n<ul>\n<li><b data-stringify-type=\"bold\">Ein wettbewerbsf\u00e4higer Vertrag\u00a0<\/b>mit unserem Logistikpartner PharmaFocus<\/li>\n<li><b data-stringify-type=\"bold\">Attraktive kommerzielle Angebote\u00a0<\/b>von mehr als 100 Pharmalieferanten<\/li>\n<li><b data-stringify-type=\"bold\">Rahmenvertr\u00e4ge mit nicht-pharmazeutischen Lieferanten<\/b><\/li>\n<li><b data-stringify-type=\"bold\">Eine Zeitschrift f\u00fcr die Kunden unserer Apotheken<\/b>,\u00a05 Ausgaben pro Jahr<\/li>\n<li><b data-stringify-type=\"bold\">Ein digitales Anzeigesystem (Display) in Apotheken<\/b><\/li>\n<li><b data-stringify-type=\"bold\">Ein dedizierter Extranet-Bereich f\u00fcr unsere Mitglieder<\/b><\/li>\n<\/ul>\n<p>\n<\/div><div class=\"btClear btSeparator topSemiSpaced noBorder\" ><hr><\/div><a href=\"https:\/\/directcare.ch\/journal\/\" class=\"btBtn btBtn btnFilledStyle btnAccentColor btnMedium btnNormalWidth btnLeftPosition btnIco\"  target=\"_self\"><span class=\"btnInnerText\">Unsere Publikationen<\/span><span class=\"btIco \" ><span  data-ico-fa=\"&#xf101;\" class=\"btIcoHolder\"><em><\/em><\/span><\/span><\/a><div class=\"btClear btSeparator topSemiSpaced noBorder\" ><hr><\/div><\/div><\/div><div class=\"rowItem col-md-6 col-sm-12 btTextLeft animate animate-fadein animate-moveleft btMiddleVertical\"  ><div class=\"rowItemContent\" ><div class=\"btIconImageRow\" ><div class=\"bpgPhoto btTextCenter\" ><div class=\"btImage\"><img src=\"https:\/\/directcare.ch\/wp-content\/uploads\/2020\/06\/directcare4.jpg\" alt=\"\" title=\"\"><\/div><\/div><\/div><\/div><\/div><\/div><\/div><\/div><\/div><\/div><\/section><section id=\"bt_section69e9f02fd96c3\"  class=\"boldSection btDivider topSmallSpaced bottomSmallSpaced btDarkSkin gutter inherit\" style=\"background-color:#13638c;\"><div class=\"port\"><div class=\"boldCell\"><div class=\"boldCellInner\"><div class=\"boldRow  \" ><div class=\"boldRowInner\"><div class=\"rowItem col-md-12 col-ms-12  btTextCenter animate animate-fadein animate-moveleft btMiddleVertical\"  ><div class=\"rowItemContent\" ><div class=\"btClear btSeparator topExtraSmallSpaced noBorder\" ><hr><\/div><div class=\"btClear btSeparator topExtraSmallSpaced noBorder\"  style=\"height:90px\"><hr><\/div><div class=\"btClear btSeparator topExtraSmallSpaced noBorder\" ><hr><\/div><\/div><\/div><\/div><\/div><\/div><\/div><\/div><\/section><section id=\"bt_section69e9f02fd99d0\"  class=\"boldSection topSmallSpaced bottomSmallSpaced gutter btMiddleVertical\" ><div class=\"port\"><div class=\"boldCell\"><div class=\"boldCellInner\"><div class=\"boldRow  \" ><div class=\"boldRowInner\"><div class=\"rowItem col-md-12 col-ms-12  btTextLeft inherit\"  ><div class=\"rowItemContent\" ><div class=\"btClear btSeparator topSmallSpaced noBorder\" ><hr><\/div><header class=\"header btClear large btDash topDash  btAccentDash\" style=\" font-size:35px; font-weight:700; color:#222;\"><div class=\"dash\"><h2><span class=\"greyHeaderText\"><b class=\"animate animated\">Angepasste Marketing- und Kommunikationsprojekte<\/b><\/span><\/h2><\/div><\/header><div class=\"btClear btSeparator topSmallSpaced noBorder\" ><hr><\/div><div class=\"btText\" ><\/p>\n<p>Wir f\u00fchren Marketing- und Kommunikationsprojekte f\u00fcr Ihre Apotheke durch, um Sie bei der Intensivierung und Personalisierung der Beziehung zu Ihren Kunden zu unterst\u00fctzen.<\/p>\n<p>Ob Sie ein Treueprogramm (Karten, Gutscheine usw.) einrichten, ein Mailing durchf\u00fchren, die Beschilderung an Ihrer Verkaufsstelle optimieren oder f\u00fcr ein anderes Projekt (Poster, Kalender, Briefpapier usw.), unser Team steht zu Ihrer Verf\u00fcgung. Dar\u00fcber hinaus sind unsere Preise f\u00fcr Mitglieder unserer Gruppierung besonders attraktiv.<\/p>\n<p>\n<\/div><div class=\"btClear btSeparator topSpaced noBorder\" ><hr><\/div><\/div><\/div><\/div><\/div><div class=\"boldRow  \" ><div class=\"boldRowInner\"><div class=\"rowItem col-md-6 col-sm-12 btTextLeft animate animate-fadein animate-moveleft btMiddleVertical\"  ><div class=\"rowItemContent\" ><div class=\"btIconImageRow\" ><div class=\"bpgPhoto btTextCenter\" ><div class=\"btImage\"><img src=\"https:\/\/directcare.ch\/wp-content\/uploads\/2020\/06\/directcare3.jpg\" alt=\"\" title=\"\"><\/div><\/div><\/div><div class=\"btClear btSeparator topSpaced noBorder\" ><hr><\/div><\/div><\/div><div class=\"rowItem col-md-6 col-sm-12 btTextLeft animate animate-fadein animate-moveright btMiddleVertical\"  ><div class=\"rowItemContent\" ><header class=\"header btClear medium  btNormalDash\" ><div class=\"dash\"><h3><span class=\"headline\"><b class=\"animate\">A la carte Dienstleistungen<\/b><\/span><\/h3><\/div><\/header><div class=\"btClear btSeparator topSmallSpaced noBorder\" ><hr><\/div><div class=\"btTabs tabsVertical \" \" data-open-first=\"\"><ul class=\"tabsHeader\"><li><span>Graphikarbeit<\/span><\/li><li><span>Schreibware<\/span><\/li><li><span>Treueprogramm<\/span><\/li><\/ul><div class=\"tabPanes accordionPanes\"><div class=\"tabPane\">\r\n\t\t\t<div class=\"tabAccordionTitle\"><span>Graphikarbeit<\/span><\/div>\r\n\t\t\t<div class=\"tabAccordionContent\"><\/p>\n<ul>\n<li>Grafikdesign<\/li>\n<li>Visuelle Identit\u00e4t<\/li>\n<li>Logo Design<\/li>\n<\/ul>\n<p>\n<\/div>\r\n\t\t<\/div><div class=\"tabPane\">\r\n\t\t\t<div class=\"tabAccordionTitle\"><span>Schreibware<\/span><\/div>\r\n\t\t\t<div class=\"tabAccordionContent\"><\/p>\n<ul>\n<li data-favro-document-key=\"f92ce396128ed482c97a7ac7\" data-pm-slice=\"1 1 &#091;&#093;\">Visiten- und Grusskarten<\/li>\n<li data-favro-document-key=\"f92ce396128ed482c97a7ac7\" data-pm-slice=\"1 1 &#091;&#093;\">Briefpapier und Umschl\u00e4ge<\/li>\n<li data-favro-document-key=\"f92ce396128ed482c97a7ac7\" data-pm-slice=\"1 1 &#091;&#093;\">Posters und Flyers (alle Formate)<\/li>\n<li data-favro-document-key=\"f92ce396128ed482c97a7ac7\" data-pm-slice=\"1 1 &#091;&#093;\">Beschilderung<\/li>\n<li data-favro-document-key=\"f92ce396128ed482c97a7ac7\" data-pm-slice=\"1 1 &#091;&#093;\">Kalender<\/li>\n<\/ul>\n<p>\n<\/div>\r\n\t\t<\/div><div class=\"tabPane\">\r\n\t\t\t<div class=\"tabAccordionTitle\"><span>Treueprogramm<\/span><\/div>\r\n\t\t\t<div class=\"tabAccordionContent\"><\/p>\n<ul>\n<li data-favro-document-key=\"f92ce396128ed482c97a7ac7\" data-pm-slice=\"1 1 &#091;&#093;\">Kundenkarten und Gutscheine<\/li>\n<li data-favro-document-key=\"f92ce396128ed482c97a7ac7\" data-pm-slice=\"1 1 &#091;&#093;\">Hausversand von Gutscheinen (Mailing)<\/li>\n<\/ul>\n<p>\n<\/div>\r\n\t\t<\/div><\/div><\/div><div class=\"btClear btSeparator topSemiSpaced noBorder\" ><hr><\/div><header class=\"header btClear small  btAlternateDash\" ><div class=\"dash\"><h4><span class=\"headline\">Ben\u00f6tigen Sie weitere Informationen ? Z\u00f6gern Sie nicht, uns zu kontaktieren<\/span><\/h4><\/div><\/header><a href=\"https:\/\/directcare.ch\/contact\/\" class=\"btBtn btBtn btnFilledStyle btnAccentColor btnMedium btnNormalWidth btnLeftPosition btnIco\"  target=\"_self\"><span class=\"btnInnerText\">Weitere Informationen<\/span><span class=\"btIco \" ><span  data-ico-fa=\"&#xf101;\" class=\"btIcoHolder\"><em><\/em><\/span><\/span><\/a><div class=\"btClear btSeparator topSpaced noBorder\" ><hr><\/div><\/div><\/div><\/div><\/div><\/div><\/div><\/div><\/section><section id=\"bt_section69e9f02fdc0ac\"  class=\"boldSection btDivider topSemiSpaced bottomSemiSpaced btDarkSkin gutter inherit prestationsDigitales\" style=\"background-color:#13638c;\"><div class=\"port\"><div class=\"boldCell\"><div class=\"boldCellInner\"><div class=\"boldRow  \" ><div class=\"boldRowInner\"><div class=\"rowItem col-md-12 col-ms-12  btTextLeft animate animate-fadein animate-moveleft inherit\"  ><div class=\"rowItemContent\" ><div class=\"btClear btSeparator topExtraSmallSpaced noBorder\" ><hr><\/div><div class=\"btClear btSeparator topExtraSmallSpaced noBorder\" ><hr><\/div><header class=\"header btClear large  btNormalDash\" ><div class=\"dash\"><h2><span class=\"headline\">Unsere digitalen Dienstleistungen<\/span><\/h2><\/div><\/header><\/div><\/div><\/div><\/div><\/div><\/div><\/div><\/section><section id=\"bt_section69e9f02fdc2d7\"  class=\"boldSection topSpaced bottomSpaced gutter inherit\" ><div class=\"port\"><div class=\"boldCell\"><div class=\"boldCellInner\"><div class=\"boldRow  \" ><div class=\"boldRowInner\"><div class=\"rowItem col-md-6 col-sm-12 btTextLeft animate animate-fadein animate-moveright btMiddleVertical\"  ><div class=\"rowItemContent\" ><header class=\"header btClear large btDash topDash  btAccentDash\" style=\" font-size:35px; font-weight:700; color:#222;\"><div class=\"dash\"><h2><span class=\"greyHeaderText\"><b class=\"animate animated\">Lassen Sie uns Ihre Apotheke digitalisieren<\/b><\/span><\/h2><\/div><\/header><div class=\"btText\" ><\/p>\n<p class=\"p1\">Die Entwicklung der Kaufgewohnheiten und die Konkurrenz durch Versandapotheken, die von Krankenkassen unterst\u00fctzt werden, veranlassen unabh\u00e4ngige Apotheken, neue Ans\u00e4tze zu entwickeln, um ihre Kunden weiterhin zufrieden zu stellen. PharmOnline, das Netzwerk unabh\u00e4ngiger verbundener Apotheken, und PharmaCollect, der Webshop f\u00fcr unabh\u00e4ngige Apotheken, unterst\u00fctzen Sie bei der Entwicklung der digitalen Strategie Ihrer Apotheke.<\/p>\n<p>\n<\/div><div class=\"btClear btSeparator topSemiSpaced noBorder\" ><hr><\/div><\/div><\/div><div class=\"rowItem col-md-6 col-sm-12 btTextLeft animate animate-fadein animate-moveleft btMiddleVertical\"  ><div class=\"rowItemContent\" ><div class=\"btIconImageRow\" ><div class=\"bpgPhoto btTextCenter\" ><div class=\"btImage\"><img src=\"https:\/\/directcare.ch\/wp-content\/uploads\/2020\/03\/slider-bg-01.jpg\" alt=\"\" title=\"\"><\/div><\/div><\/div><\/div><\/div><\/div><\/div><\/div><\/div><\/div><\/section><section id=\"bt_section69e9f02fdefaa\"  class=\"boldSection topSpaced bottomSpaced gutter inherit\" ><div class=\"port\"><div class=\"boldCell\"><div class=\"boldCellInner\"><div class=\"boldRow  \" ><div class=\"boldRowInner\"><div class=\"rowItem col-md-6 col-sm-12 btTextLeft animate animate-fadein animate-moveleft btMiddleVertical\"  ><div class=\"rowItemContent\" ><div class=\"btIconImageRow\" ><div class=\"bpgPhoto btTextCenter\" ><div class=\"btImage\"><img src=\"https:\/\/directcare.ch\/wp-content\/uploads\/2020\/03\/slider-bg-03.jpg\" alt=\"\" title=\"\"><\/div><\/div><\/div><\/div><\/div><div class=\"rowItem col-md-6 col-sm-12 btTextLeft animate animate-fadein animate-moveright inherit\"  ><div class=\"rowItemContent\" ><header class=\"header btClear large btDash topDash  btAccentDash\" style=\" font-size:35px; font-weight:700; color:#222;\"><div class=\"dash\"><h2><span class=\"greyHeaderText\"><b class=\"animate animated\">Wir unterst\u00fctzen Sie bei der Umsetzung Ihrer digitalen Strategie<\/b><\/span><\/h2><\/div><\/header><div class=\"btText\" ><\/p>\n<p>Soziale Netzwerke sind f\u00fcr die Sichtbarkeit von Unternehmen unverzichtbar geworden. Im Jahr 2018 hatten 4,5 Millionen Schweizer eine Facebook-Seite, 3,5 Millionen besuchten ihre Facebook-Seite jeden Tag, durchschnittlich 15 Mal am Tag und 50 Minuten am Tag. Wir helfen Ihnen, eine Facebook-Unternehmensseite zu \u00f6ffnen, die kommerziellen Funktionen zu nutzen und Ihre Angebote an Ihre potenziellen Kunden zu verteilen. Auf Ihren Wunsch k\u00f6nnen wir Sie auch bei der Erstellung eines Medienplans unterst\u00fctzen.<\/p>\n<p>Die Referenzierung Ihrer Apotheke in Suchmaschinen ist heutzutage ebenfalls unerl\u00e4sslich. Wir unterst\u00fctzen Sie bei der Erstellung Ihres Google My Business-Profils.<\/p>\n<p>\n<\/div><div class=\"btClear btSeparator topSemiSpaced noBorder\" ><hr><\/div><a href=\"https:\/\/directcare.ch\/prestations-digitales\/\" class=\"btBtn btBtn btnFilledStyle btnAccentColor btnMedium btnNormalWidth btnLeftPosition btnIco\"  target=\"_self\"><span class=\"btnInnerText\">Entdecken Sie unsere Plattformen<\/span><span class=\"btIco \" ><span  data-ico-fa=\"&#xf101;\" class=\"btIcoHolder\"><em><\/em><\/span><\/span><\/a><\/div><\/div><\/div><\/div><\/div><\/div><\/div><\/section><\/p>\n","protected":false},"excerpt":{"rendered":"","protected":false},"author":2,"featured_media":0,"parent":0,"menu_order":0,"comment_status":"closed","ping_status":"closed","template":"","meta":[],"_links":{"self":[{"href":"https:\/\/directcare.ch\/de\/wp-json\/wp\/v2\/pages\/3697"}],"collection":[{"href":"https:\/\/directcare.ch\/de\/wp-json\/wp\/v2\/pages"}],"about":[{"href":"https:\/\/directcare.ch\/de\/wp-json\/wp\/v2\/types\/page"}],"author":[{"embeddable":true,"href":"https:\/\/directcare.ch\/de\/wp-json\/wp\/v2\/users\/2"}],"replies":[{"embeddable":true,"href":"https:\/\/directcare.ch\/de\/wp-json\/wp\/v2\/comments?post=3697"}],"version-history":[{"count":18,"href":"https:\/\/directcare.ch\/de\/wp-json\/wp\/v2\/pages\/3697\/revisions"}],"predecessor-version":[{"id":3784,"href":"https:\/\/directcare.ch\/de\/wp-json\/wp\/v2\/pages\/3697\/revisions\/3784"}],"wp:attachment":[{"href":"https:\/\/directcare.ch\/de\/wp-json\/wp\/v2\/media?parent=3697"}],"curies":[{"name":"wp","href":"https:\/\/api.w.org\/{rel}","templated":true}]}}