{"id":3717,"date":"2015-12-02T09:20:13","date_gmt":"2015-12-02T09:20:13","guid":{"rendered":"https:\/\/directcare.ch\/agpi\/"},"modified":"2020-07-07T11:45:42","modified_gmt":"2020-07-07T09:45:42","slug":"agpi","status":"publish","type":"page","link":"https:\/\/directcare.ch\/de\/agpi\/","title":{"rendered":"L&#8217;AGPI"},"content":{"rendered":"<p><section id=\"bt_section69e1cf97b349b\"  class=\"boldSection btDivider topSemiSpaced bottomSemiSpaced btDarkSkin gutter inherit\" style=\"background-color:#13638d;\"><div class=\"port\"><div class=\"boldCell\"><div class=\"boldCellInner\"><div class=\"boldRow  \" ><div class=\"boldRowInner\"><div class=\"rowItem col-md-12 col-ms-12  btTextLeft animate animate-fadein animate-moveleft inherit\"  ><div class=\"rowItemContent\" ><div class=\"btClear btSeparator topExtraSmallSpaced noBorder\" ><hr><\/div><div class=\"btClear btSeparator topExtraSmallSpaced noBorder\" ><hr><\/div><header class=\"header btClear large  btNormalDash\" ><div class=\"dash\"><h2><span class=\"headline\">Unabh\u00e4ngige Apotheken verteidigen<\/span><\/h2><\/div><\/header><\/div><\/div><\/div><\/div><\/div><\/div><\/div><\/section><section id=\"bt_section69e1cf97b3966\"  class=\"boldSection topSpaced bottomSpaced gutter inherit\" ><div class=\"port\"><div class=\"boldCell\"><div class=\"boldCellInner\"><div class=\"boldRow  \" ><div class=\"boldRowInner\"><div class=\"rowItem col-md-6 col-sm-12 btTextLeft animate animate-fadein animate-moveright inherit\"  ><div class=\"rowItemContent\" ><header class=\"header btClear large btDash topDash  btAccentDash\" style=\" font-size:35px; font-weight:700; color:#222;\"><div class=\"dash\"><h2><span class=\"greyHeaderText\"><b class=\"animate animated\">650 unabh\u00e4ngige Apotheken<\/b><\/span><\/h2><\/div><\/header><div class=\"btText\" ><\/p>\n<div class=\"btText\">\n<p>Die Vereiningung der Gruppierungen unabh\u00e4ngiger Apotheken (VGUA) setzt sich f\u00fcr die unternehmerischen Aspekte der selbstst\u00e4ngig gef\u00fchrten Apotheken und die wirtschaftlichen Zukunft, Ausrichtung und F\u00f6rderung der unabh\u00e4ngigen Apothekerschaft, als wichtiger Partner und Akteur in einem wettbewerlichen System mit Wahlfreiheit f\u00fcr Versicherte\/ Patienten, integrierter Versorgung und anerkannte Dienstleistungen. Zu diesem Zweck ist eine angemessene, gerechte, gerechtfertigte und leistungsorientierte Verg\u00fctung von grosser Bedeutung.<\/p>\n<p>Die VGUA stellt die Vrnetzung der bestehenden Gruppierungen der unabh\u00e4ngige Apothekerschaft sicher und engagiert sich f\u00fcr eine innovative und marktorientierte Ausgestaltung der selbst\u00e4ndig gef\u00fchrten Apotheken. Ferner unterst\u00fctzt die VGUA den Erhalt und die Sicherstellung eines fl\u00e4chendeckenden Netzes an Apotheken in der Schweiz &#8211; auch ausserhalb von Ballungzentren und in Randregionen.<\/p>\n<\/div>\n<p>\n<\/div><div class=\"btClear btSeparator topSemiSpaced noBorder\" ><hr><\/div><a href=\"https:\/\/directcare.ch\/de\/pharmacies\/\" class=\"btBtn btBtn btnFilledStyle btnAccentColor btnMedium btnNormalWidth btnLeftPosition btnIco\"  target=\"_self\"><span class=\"btnInnerText\">Finden Sie eine Apotheke<\/span><span class=\"btIco \" ><span  data-ico-fa=\"&#xf101;\" class=\"btIcoHolder\"><em><\/em><\/span><\/span><\/a><\/div><\/div><div class=\"rowItem col-md-6 col-sm-12 btTextLeft animate animate-fadein animate-moveleft btMiddleVertical\"  ><div class=\"rowItemContent\" ><div class=\"btIconImageRow\" ><div class=\"bpgPhoto btTextCenter\" ><div class=\"btImage\"><img src=\"https:\/\/directcare.ch\/wp-content\/uploads\/2020\/07\/directcare7.jpg\" alt=\"\" title=\"\"><\/div><\/div><\/div><\/div><\/div><\/div><\/div><div class=\"boldRow  \" ><div class=\"boldRowInner\"><\/div><\/div><\/div><\/div><\/div><\/section><section id=\"bt_section69e1cf97c005f\"  class=\"boldSection btDivider topSmallSpaced bottomSmallSpaced btDarkSkin gutter inherit\" style=\"background-color:#13638c;\"><div class=\"port\"><div class=\"boldCell\"><div class=\"boldCellInner\"><div class=\"boldRow  \" ><div class=\"boldRowInner\"><div class=\"rowItem col-md-12 col-ms-12  btTextCenter animate animate-fadein animate-moveleft btMiddleVertical\"  ><div class=\"rowItemContent\" ><div class=\"btClear btSeparator topExtraSmallSpaced noBorder\" ><hr><\/div><header class=\"header btClear large  btNormalDash\" ><div class=\"dash\"><h2><span class=\"headline\">Treten Sie unserem Apothekennetz bei<\/span><\/h2><\/div><\/header><div class=\"btClear btSeparator topExtraSmallSpaced noBorder\" ><hr><\/div><a href=\"https:\/\/directcare.ch\/de\/contact\/\" class=\"btBtn btBtn btnFilledStyle btnLightColor btnMedium btnNormalWidth btnLeftPosition btnIco\"  target=\"_self\"><span class=\"btnInnerText\">Kontaktieren Sie uns<\/span><span class=\"btIco \" ><span  data-ico-fa=\"&#xf101;\" class=\"btIcoHolder\"><em><\/em><\/span><\/span><\/a><div class=\"btClear btSeparator topExtraSmallSpaced noBorder\" ><hr><\/div><\/div><\/div><\/div><\/div><\/div><\/div><\/div><\/section><section id=\"bt_section69e1cf97c04e9\"  class=\"boldSection topSpaced gutter inherit\" ><div class=\"port\"><div class=\"boldCell\"><div class=\"boldCellInner\"><div class=\"boldRow  \" ><div class=\"boldRowInner\"><div class=\"rowItem col-md-6 col-sm-12 btTextLeft animate animate-fadein animate-moveright btMiddleVertical\"  ><div class=\"rowItemContent\" ><div class=\"btIconImageRow\" ><div class=\"bpgPhoto btTextCenter\" ><div class=\"btImage\"><img src=\"https:\/\/directcare.ch\/wp-content\/uploads\/2020\/07\/directcare6.jpg\" alt=\"\" title=\"\"><\/div><\/div><\/div><\/div><\/div><div class=\"rowItem col-md-6 col-sm-12 btTextLeft animate animate-fadein animate-moveleft btMiddleVertical\"  ><div class=\"rowItemContent\" ><header class=\"header btClear large btDash topDash  btAccentDash\" style=\" font-size:35px; font-weight:700; color:#222;\"><div class=\"dash\"><h2><span class=\"greyHeaderText\"><b class=\"animate animated\">Aktuell verfolgt die VGUA drei haupts\u00e4chliche Aktivit\u00e4ten<\/b><\/span><\/h2><\/div><\/header><div class=\"btText\" ><\/p>\n<div class=\"btText\">\n<p>Die VGUA ist auf politischer Ebene aktiv. Unser Verein ist Kollektivmitglied von pharmaSuisse und arbeitet aktiv an verschiedenen Themen mit, nimmt an den Delegiertenversammlung von pharmaSuisse teil (mit Stimmrecht) und hat Einsitz inder Verhandlungsdelegation f\u00fcr Leistungsorientierte Abgeltung (LOA).<\/p>\n<p>Die VGUA entwickelt Projekte zur F\u00f6rderung unabh\u00e4ngiger Apotheken &#8211; Anreize und neue Einnahmem\u00f6glichkeiten und -quellen &#8211; z.B. die Zusammenarbeit mit den Gemeindeverb\u00e4nden, um die Rolle der Apothekerin \/ des Apothekers bei der Koordination der Altenpflege zu verst\u00e4rken.<\/p>\n<p>Auuserdem bietet die VGUA Apotherinnen\/Apothekern Unterst\u00fctzung bei der \u00dcbernahme bzw. dem Erwerb einer Apotheke. Die VGUA hat die Webseite www.pharmafinder.ch in Zusammenarbeit mit der Swiss Young Pharamcist Group entwickelt und bietet ein komplettes Servicepacket.<\/p>\n<\/div>\n<p>\n<\/div><div class=\"btClear btSeparator topSemiSpaced noBorder\" ><hr><\/div><a href=\"https:\/\/directcare.ch\/de\/pharmacies\/\" class=\"btBtn btBtn btnFilledStyle btnAccentColor btnMedium btnNormalWidth btnLeftPosition btnIco\"  target=\"_self\"><span class=\"btnInnerText\">Finden Sie eine Apotheke<\/span><span class=\"btIco \" ><span  data-ico-fa=\"&#xf101;\" class=\"btIcoHolder\"><em><\/em><\/span><\/span><\/a><div class=\"btClear btSeparator topSemiSpaced noBorder\" ><hr><\/div><\/div><\/div><\/div><\/div><\/div><\/div><\/div><\/section><\/p>\n","protected":false},"excerpt":{"rendered":"","protected":false},"author":2,"featured_media":0,"parent":0,"menu_order":0,"comment_status":"closed","ping_status":"closed","template":"","meta":[],"_links":{"self":[{"href":"https:\/\/directcare.ch\/de\/wp-json\/wp\/v2\/pages\/3717"}],"collection":[{"href":"https:\/\/directcare.ch\/de\/wp-json\/wp\/v2\/pages"}],"about":[{"href":"https:\/\/directcare.ch\/de\/wp-json\/wp\/v2\/types\/page"}],"author":[{"embeddable":true,"href":"https:\/\/directcare.ch\/de\/wp-json\/wp\/v2\/users\/2"}],"replies":[{"embeddable":true,"href":"https:\/\/directcare.ch\/de\/wp-json\/wp\/v2\/comments?post=3717"}],"version-history":[{"count":4,"href":"https:\/\/directcare.ch\/de\/wp-json\/wp\/v2\/pages\/3717\/revisions"}],"predecessor-version":[{"id":3898,"href":"https:\/\/directcare.ch\/de\/wp-json\/wp\/v2\/pages\/3717\/revisions\/3898"}],"wp:attachment":[{"href":"https:\/\/directcare.ch\/de\/wp-json\/wp\/v2\/media?parent=3717"}],"curies":[{"name":"wp","href":"https:\/\/api.w.org\/{rel}","templated":true}]}}