{"id":3829,"date":"2015-12-02T09:19:33","date_gmt":"2015-12-02T09:19:33","guid":{"rendered":"https:\/\/directcare.ch\/appointments\/"},"modified":"2020-07-03T19:01:06","modified_gmt":"2020-07-03T17:01:06","slug":"appointments","status":"publish","type":"page","link":"https:\/\/directcare.ch\/de\/appointments\/","title":{"rendered":"Ausstellung von Produkten"},"content":{"rendered":"<p><section id=\"bt_section6a072966b10a4\"  class=\"boldSection btDivider topSemiSpaced bottomSemiSpaced btDarkSkin gutter inherit wBackground cover\" style=\"background-color:#3351a9;background-image:url('https:\/\/directcare.ch\/wp-content\/uploads\/2015\/12\/bgn-grad.png');\"><div class=\"port\"><div class=\"boldCell\"><div class=\"boldCellInner\"><div class=\"boldRow  \" ><div class=\"boldRowInner\"><div class=\"rowItem col-md-12 col-ms-12  btTextLeft animate animate-fadein animate-moveleft inherit\"  ><div class=\"rowItemContent\" ><div class=\"btClear btSeparator topExtraSmallSpaced noBorder\" ><hr><\/div><div class=\"btClear btSeparator topExtraSmallSpaced noBorder\" ><hr><\/div><header class=\"header btClear large  btNormalDash\" ><div class=\"dash\"><h2><span class=\"headline\">Ausstellung von Produkten<\/span><\/h2><\/div><\/header><\/div><\/div><\/div><\/div><\/div><\/div><\/div><\/section><section id=\"bt_section6a072966b15e7\"  class=\"boldSection topSpaced bottomSpaced gutter inherit\" ><div class=\"port\"><div class=\"boldCell\"><div class=\"boldCellInner\"><div class=\"boldRow  \" ><div class=\"boldRowInner\"><div class=\"rowItem col-md-12 col-ms-12  btTextLeft animate animate-fadein animate-moveleft inherit\"  ><div class=\"rowItemContent\" ><header class=\"header btClear medium btDash topDash  btAccentDash\" ><div class=\"dash\"><h3><span class=\"headline\">Wir verhandeln f\u00fcr Sie mit unseren Partnern in der Pharmaindustrie ein Produktausstellungsprogramm, das Sie zu R\u00fcckverg\u00fctungen berechtigt. Die vier Aktivit\u00e4ten sind:<\/span><\/h3><\/div><\/header><div class=\"btClear btSeparator bottomSemiSpaced noBorder\" ><hr><\/div><\/div><\/div><\/div><\/div><div class=\"boldRow  \" ><div class=\"boldRowInner\"><div class=\"rowItem col-md-8 col-ms-12 btTextLeft animate animate-fadein inherit\"  ><div class=\"rowItemContent\" ><header class=\"header btClear medium  btAccentDash\" ><div class=\"dash\"><h3><span class=\"headline\">Saisonale Produkte<\/span><\/h3><\/div><\/header><div class=\"btText\" ><\/p>\n<p>Jeden Monat k\u00f6nnen Sie aus vier Produkten f\u00fcr die Ausstellung saisonaler Produkte ausw\u00e4hlen. Generell werden Einkaufsangebote zu vorteilhaften Konditionen von unseren Partnern vorgeschlagen. Beschilderung ist kostenlos erh\u00e4ltlich (Warenkennzeichnung und Banner mit personalisiertem Text).<\/p>\n<p>\n<\/div><\/div><\/div><div class=\"rowItem col-md-4 col-ms-12 btTextLeft animate animate-fadein inherit btDoublePadding\"  ><div class=\"rowItemContent\" ><div class=\"btIconImageRow\" ><div class=\"bpgPhoto btTextCenter\" ><div class=\"btImage\"><img src=\"https:\/\/directcare.ch\/wp-content\/uploads\/2020\/03\/Produits_de_saison-1-267x300-1.jpg\" alt=\"\" title=\"\"><\/div><\/div><\/div><div class=\"btClear btSeparator topSpaced noBorder\" ><hr><\/div><\/div><\/div><\/div><\/div><div class=\"boldRow  \" ><div class=\"boldRowInner\"><div class=\"rowItem col-md-8 col-ms-12 btTextLeft animate animate-fadein inherit\"  ><div class=\"rowItemContent\" ><header class=\"header btClear medium  btAccentDash\" ><div class=\"dash\"><h3><span class=\"headline\">Monatshit<\/span><\/h3><\/div><\/header><div class=\"btText\" ><\/p>\n<p>Jeden Monat wird Ihnen ein Produkt angeboten, das Sie als Hit des Monats ausstellen k\u00f6nnen. Die Beschilderung wird kostenlos zur Verf\u00fcgung gestellt (rote Pfeile und Aufkleber mit den Rabatten). Sie entscheiden, welchen Rabatt Sie Ihren Kunden anbieten m\u00f6chten.<\/p>\n<p>\n<\/div><\/div><\/div><div class=\"rowItem col-md-4 col-ms-12 btTextLeft animate animate-fadein inherit btDoublePadding\"  ><div class=\"rowItemContent\" ><div class=\"btIconImageRow\" ><div class=\"bpgPhoto btTextCenter\" ><div class=\"btImage\"><img src=\"https:\/\/directcare.ch\/wp-content\/uploads\/2020\/03\/Hit_du_mois_edited-600x297-1.jpg\" alt=\"\" title=\"\"><\/div><\/div><\/div><div class=\"btClear btSeparator topSpaced noBorder\" ><hr><\/div><\/div><\/div><\/div><\/div><div class=\"boldRow  \" ><div class=\"boldRowInner\"><div class=\"rowItem col-md-8 col-ms-12 btTextLeft animate animate-fadein inherit\"  ><div class=\"rowItemContent\" ><header class=\"header btClear medium  btAccentDash\" ><div class=\"dash\"><h3><span class=\"headline\">Kassensteller (2. POS)<br \/><br><\/span><\/h3><\/div><\/header><div class=\"btText\" ><\/p>\n<p>Jeden Monat werden Ihnen zwei Produkte f\u00fcr die Ausstellung saisonaler Produkte angeboten, die Sie an der Kasse ausstellen k\u00f6nnen. Ein leeres Verpackungsset und ein A4-Poster pro Produkt werden Ihnen vor Monatsbeginn zugesandt. Der Kassensteller wird Ihnen kostenlos zur Verf\u00fcgung gestellt.<\/p>\n<p>\n<\/div><\/div><\/div><div class=\"rowItem col-md-4 col-ms-12 btTextLeft animate animate-fadein inherit btDoublePadding\"  ><div class=\"rowItemContent\" ><div class=\"btIconImageRow\" ><div class=\"bpgPhoto btTextCenter\" ><div class=\"btImage\"><img src=\"https:\/\/directcare.ch\/wp-content\/uploads\/2020\/03\/Presentoir_Caisse-300x251-1.jpg\" alt=\"\" title=\"\"><\/div><\/div><\/div><div class=\"btClear btSeparator topSpaced noBorder\" ><hr><\/div><\/div><\/div><\/div><\/div><div class=\"boldRow  \" ><div class=\"boldRowInner\"><div class=\"rowItem col-md-8 col-ms-12 btTextLeft animate animate-fadein inherit\"  ><div class=\"rowItemContent\" ><header class=\"header btClear medium  btAccentDash\" ><div class=\"dash\"><h3><span class=\"headline\">Gehwegaufsteller<br \/><br><\/span><\/h3><\/div><\/header><div class=\"btText\" ><\/p>\n<p>Jeden Monat werden drei Produkte auf Postern beworben, die auf dem Gehwegaufsteller angebracht werden sollen. Rabatt-Schildern k\u00f6nnen hinzugef\u00fcgt werden. Vor Beginn eines jeden Monats werden Ihnen zwei A1-Poster zugesandt. Der Gehwegaufsteller ist kostenlos erh\u00e4ltlich.<\/p>\n<p>\n<\/div><\/div><\/div><div class=\"rowItem col-md-4 col-ms-12 btTextLeft animate animate-fadein inherit btDoublePadding\"  ><div class=\"rowItemContent\" ><div class=\"btIconImageRow\" ><div class=\"bpgPhoto btTextCenter\" ><div class=\"btImage\"><img src=\"https:\/\/directcare.ch\/wp-content\/uploads\/2020\/03\/Stop-trottoir-600x888-1.jpg\" alt=\"\" title=\"\"><\/div><\/div><\/div><div class=\"btClear btSeparator topSpaced noBorder\" ><hr><\/div><\/div><\/div><\/div><\/div><\/div><\/div><\/div><\/section><\/p>\n","protected":false},"excerpt":{"rendered":"","protected":false},"author":2,"featured_media":0,"parent":0,"menu_order":0,"comment_status":"closed","ping_status":"closed","template":"","meta":[],"_links":{"self":[{"href":"https:\/\/directcare.ch\/de\/wp-json\/wp\/v2\/pages\/3829"}],"collection":[{"href":"https:\/\/directcare.ch\/de\/wp-json\/wp\/v2\/pages"}],"about":[{"href":"https:\/\/directcare.ch\/de\/wp-json\/wp\/v2\/types\/page"}],"author":[{"embeddable":true,"href":"https:\/\/directcare.ch\/de\/wp-json\/wp\/v2\/users\/2"}],"replies":[{"embeddable":true,"href":"https:\/\/directcare.ch\/de\/wp-json\/wp\/v2\/comments?post=3829"}],"version-history":[{"count":3,"href":"https:\/\/directcare.ch\/de\/wp-json\/wp\/v2\/pages\/3829\/revisions"}],"predecessor-version":[{"id":3840,"href":"https:\/\/directcare.ch\/de\/wp-json\/wp\/v2\/pages\/3829\/revisions\/3840"}],"wp:attachment":[{"href":"https:\/\/directcare.ch\/de\/wp-json\/wp\/v2\/media?parent=3829"}],"curies":[{"name":"wp","href":"https:\/\/api.w.org\/{rel}","templated":true}]}}