{"id":3637,"date":"2015-11-30T14:11:42","date_gmt":"2015-11-30T14:11:42","guid":{"rendered":"https:\/\/directcare.ch\/sample-page\/"},"modified":"2020-07-07T14:15:00","modified_gmt":"2020-07-07T12:15:00","slug":"sample-page","status":"publish","type":"page","link":"https:\/\/directcare.ch\/it\/","title":{"rendered":"Home"},"content":{"rendered":"<p><section id=\"bt_section69e1bb1aa338d\"  class=\"boldSection inherit\" ><div class=\"port\"><div class=\"boldCell\"><div class=\"boldCellInner\"><div class=\"boldRow  \" ><div class=\"boldRowInner\"><div class=\"rowItem col-md-12 col-ms-12  btTextLeft\"  ><div class=\"rowItemContent\" ><div class=\"slided autoSliderHeight btSliderHidePaging\"  data-slick='{ \"lazyLoad\": \"progressive\", \"cssEase\": \"ease-out\", \"speed\": \"600\", \"autoplay\": true, \"autoplaySpeed\": 5000, \"dots\": true}' data-simple_arrows=\"no\"><div class=\"slidedItem firstItem\"  data-thumb=\"https:\/\/directcare.ch\/wp-content\/uploads\/2020\/03\/1b0cc699-320x213.jpeg\"><div class=\"btSliderPort wBackground cover\" style=\"background-image: url('https:\/\/directcare.ch\/wp-content\/uploads\/2020\/03\/1b0cc699.jpeg')\"><div class=\"btSliderCell\" data-slick=\"yes\"><div class=\"btSlideGutter\"><div class=\"btSlidePane\"><div class=\"boldRow boldInnerRow  \" ><div class=\"rowItem rowInnerItem col-md-6  btTextLeft inherit\"  ><div class=\"rowItemContent\"><\/div><\/div><div class=\"rowItem rowInnerItem col-md-6  btTextLeft inherit\"  ><div class=\"rowItemContent\"><div class=\"btClear btSeparator topExtraSpaced noBorder\" ><hr><\/div><header class=\"header btClear large  btAccentDash\"><div class=\"dash\"><h2><span class=\"greyHeaderText\">DirectCare <\/span> <p><b class=\" blueHeaderText\">una rete nazionale\n<br>di farmacie indipendenti<\/b><\/p><\/h2><\/div><\/header>\n\n\n<div class=\"btClear btSeparator topSmallSpaced noBorder\" ><hr><\/div><div class=\"btIconImageRow hidden-xs btIconsNormalPosition\" ><\/div><div class=\"btClear btSeparator topSpaced noBorder\" ><hr><\/div><div class=\"btClear btSeparator topSemiSpaced noBorder hidden-xs\" ><hr><\/div><\/div><\/div><\/div><\/div><\/div><\/div><\/div><\/div><div class=\"slidedItem firstItem\"  data-thumb=\"https:\/\/directcare.ch\/wp-content\/uploads\/2020\/06\/directcare1-320x213.jpg\"><div class=\"btSliderPort wBackground cover\" style=\"background-image: url('https:\/\/directcare.ch\/wp-content\/uploads\/2020\/06\/directcare1.jpg')\"><div class=\"btSliderCell\" data-slick=\"yes\"><div class=\"btSlideGutter\"><div class=\"btSlidePane\"><div class=\"boldRow boldInnerRow  \" ><div class=\"rowItem rowInnerItem col-md-5  btTextLeft\"  ><div class=\"rowItemContent\"><\/div><\/div><div class=\"rowItem rowInnerItem col-md-7  btTextLeft inherit btDoublePadding\"  ><div class=\"rowItemContent\"><div class=\"btClear btSeparator topExtraSpaced noBorder\" ><hr><\/div><header class=\"header btClear large  btAccentDash\" style=\"float:right;\"><div class=\"dash\"><h2><span  class=\"greyHeaderText\">Un&#8217;ambizione chiara<\/span><b class=\"blueHeaderText\"><br>per le farmacie indipendenti<\/b><\/h2><\/div><\/header>\n\n\n<div class=\"btClear btSeparator topSmallSpaced noBorder\" ><hr><\/div><div class=\"btIconImageRow hidden-xs btIconsNormalPosition\" ><\/div><div class=\"btClear btSeparator topSpaced noBorder hidden-xs\" ><hr><\/div><div class=\"btClear btSeparator topSemiSpaced noBorder hidden-xs\" ><hr><\/div><\/div><\/div><\/div><\/div><\/div><\/div><\/div><\/div><div class=\"slidedItem firstItem\"  data-thumb=\"https:\/\/directcare.ch\/wp-content\/uploads\/2020\/07\/directCare6-1-320x126.jpg\"><div class=\"btSliderPort wBackground cover\" style=\"background-image: url('https:\/\/directcare.ch\/wp-content\/uploads\/2020\/07\/directCare6-1.jpg')\"><div class=\"btSliderCell\" data-slick=\"yes\"><div class=\"btSlideGutter\"><div class=\"btSlidePane\"><div class=\"boldRow boldInnerRow  \" ><div class=\"rowItem rowInnerItem col-md-7  btTextLeft\"  ><div class=\"rowItemContent\"><div class=\"btClear btSeparator topExtraSpaced noBorder\" ><hr><\/div>\n<header class=\"header btClear large  btAccentDash\"><div class=\"dash\"><h2><span class=\"greyHeaderText\">Un gruppo al <\/span><b class=\"blueHeaderText\"><br>servizio delle farmacie indipendenti<\/b><\/span><\/h2><\/div><\/header><div class=\"btClear btSeparator topSmallSpaced noBorder\" ><hr><\/div><div class=\"btIconImageRow hidden-xs btIconsNormalPosition\" ><\/div><div class=\"btClear btSeparator topSpaced noBorder hidden-xs\" ><hr><\/div><div class=\"btClear btSeparator topSemiSpaced noBorder hidden-xs\" ><hr><\/div><\/div><\/div><div class=\"rowItem rowInnerItem col-md-5  btTextLeft\"  ><div class=\"rowItemContent\"><\/div><\/div><\/div><\/div><\/div><\/div><\/div><\/div><\/div><\/div><\/div><\/div><\/div><\/div><\/div><\/div><\/section><section id=\"bt_section69e1bb1aa9d6a\"  class=\"boldSection bottomSemiSpaced gutter inherit\" style=\"margin-top: -20px; position: relative; z-index: 1;\"><div class=\"port\"><div class=\"boldCell\"><div class=\"boldCellInner\"><div class=\"boldRow btDarkSkin \" style=\"background-color: transparent;\"><div class=\"boldRowInner\"><div class=\"rowItem col-md-4 col-ms-12 btTextLeft animate animate-fadein inherit btDoublePadding\" style=\"background-color: rgba(98, 187, 227, 1);\" ><div class=\"rowItemContent\" ><div class=\"btClear btSeparator topSemiSpaced noBorder\" ><hr><\/div><header class=\"header btClear extralarge  btNormalDash\" ><div class=\"btSubTitle\">Obiettivi chiari e relazioni durevoli<\/div><\/header><div class=\"btText\" ><\/p>\n<p>Il nostro obiettivo \u00e8 di costruire relazioni durevoli e di fiducia con i vari attori del mercato che sono le industrie farmaceutiche, grossisti, casse malattia e offrire servizi interessanti e modulari.<\/p>\n<p>\n<\/div><div class=\"btClear btSeparator topSmallSpaced noBorder\" ><hr><\/div><\/div><\/div><div class=\"rowItem col-md-4 col-ms-12 btTextLeft animate animate-fadein btTopVertical btDoublePadding\" style=\"background-color: rgba(9, 144, 190, 1);\" ><div class=\"rowItemContent\" ><div class=\"btClear btSeparator topSemiSpaced noBorder\" ><hr><\/div><header class=\"header btClear extralarge  btNormalDash\" ><div class=\"btSubTitle\">DirectCare differisce dalle organizzazioni esistenti<br \/><br><\/div><\/header><div class=\"btText\" ><\/p>\n<div class=\"wpb_text_column wpb_content_element vc_custom_1572456314594\">\n<div class=\"wpb_wrapper\">\n<p data-favro-document-key=\"f92ce396128ed482c97a7ac7\" data-pm-slice=\"1 1 &#091;&#093;\"><span class=\"author\" data-authorid=\"8XMPET9xGYX7Mp82v\">Vogliamo promuovere l&#8217;identit\u00e0 di ogni farmacia indipendente, il\u00a0<\/span><span class=\"author\" data-authorid=\"8XMPET9xGYX7Mp82v\">marchio DirectCare \u00e8 deliberatamente in disparte. Tuttavia, le farmacie del nostro\u00a0<\/span><span class=\"author\" data-authorid=\"8XMPET9xGYX7Mp82v\">gruppo beneficiano di una forte rete. DirectCare \u00e8 completamente indipendente dai suoi\u00a0<\/span><span class=\"author\" data-authorid=\"8XMPET9xGYX7Mp82v\">partner commerciali. Questa indipendenza garantisce alle nostre farmacie una perfetta\u00a0<\/span><span class=\"author\" data-authorid=\"8XMPET9xGYX7Mp82v\">protezione dei dati ed evita conflitti di interesse.<\/span><\/p>\n<\/div>\n<\/div>\n<div class=\"wpb_text_column wpb_content_element vc_custom_1572456327522\">\n<div class=\"wpb_wrapper\"><\/div>\n<\/div>\n<p>\n<\/div><div class=\"btClear btSeparator topSmallSpaced noBorder\" ><hr><\/div><\/div><\/div><div class=\"rowItem col-md-4 col-ms-12 btTextLeft animate animate-fadein btTopVertical btDoublePadding\" style=\"background-color: rgba(19, 99, 140, 1);\" ><div class=\"rowItemContent\" ><div class=\"btClear btSeparator topSemiSpaced noBorder\" ><hr><\/div><header class=\"header btClear extralarge  btNormalDash\" ><div class=\"btSubTitle\">Un approccio modulare e delle prestazioni alla carta<br \/><br><\/div><\/header><div class=\"btText\" ><\/p>\n<p>Con DirectCare non \u00e8 necessario pagare delle quote annue elevate: ogni prestazione o attivit\u00e0 pu\u00f2 essere scelta alla carta.<\/p>\n<p>\n<\/div><div class=\"btClear btSeparator topSmallSpaced noBorder\" ><hr><\/div><\/div><\/div><\/div><\/div><\/div><\/div><\/div><\/section><section id=\"bt_section69e1bb1aaa5af\"  class=\"boldSection topSemiSpaced bottomSemiSpaced gutter inherit\" ><div class=\"port\"><div class=\"boldCell\"><div class=\"boldCellInner\"><div class=\"boldRow  \" ><div class=\"boldRowInner\"><div class=\"rowItem col-md-6 col-sm-12 btTextLeft animate animate-fadein animate-moveleft btMiddleVertical\"  ><div class=\"rowItemContent\" ><div class=\"btIconImageRow\" ><div class=\"bpgPhoto btTextCenter\" ><div class=\"btImage\"><img src=\"https:\/\/directcare.ch\/wp-content\/uploads\/2020\/05\/directcare-recherche-pharmacie-independante-plan.-icon.jpg\" alt=\"\" title=\"\"><\/div><\/div><\/div><\/div><\/div><div class=\"rowItem col-md-6 col-sm-12 btTextLeft animate animate-fadein animate-moveright btMiddleVertical\"  ><div class=\"rowItemContent\" ><header class=\"header btClear large btDash topDash  btAccentDash\" style=\" font-size:35px; font-weight:700; color:#222;\"><div class=\"dash\"><h2><span class=\"greyHeaderText\"><b class=\"animate animated\">Il nostro gruppo di farmacie<\/b><\/span><\/h2><\/div><\/header>\n<div class=\"btText\" ><\/p>\n<p class=\"p1\">DirectCare raggruppa delle farmacie indipendente da tutte le regioni della Svizzera<\/p>\n<p>\n<\/div><div class=\"btClear btSeparator topSemiSpaced noBorder\" ><hr><\/div><a href=\"https:\/\/directcare.ch\/pharmacies\/\" class=\"btBtn btBtn btnFilledStyle btnAccentColor btnMedium btnNormalWidth btnLeftPosition btnIco\"  target=\"_self\"><span class=\"btnInnerText\">Trovi una farmacia nelle vicinanze<\/span><span class=\"btIco \" ><span  data-ico-fa=\"&#xf101;\" class=\"btIcoHolder\"><em><\/em><\/span><\/span><\/a><div class=\"btClear btSeparator topSemiSpaced noBorder\" ><hr><\/div><\/div><\/div><\/div><\/div><\/div><\/div><\/div><\/section><section id=\"bt_section69e1bb1aac0c5\"  class=\"boldSection btDivider topSemiSpaced bottomSemiSpaced btDarkSkin gutter inherit\" style=\"background-color:#0990be;\"><div class=\"port\"><div class=\"boldCell\"><div class=\"boldCellInner\"><div class=\"boldRow  \" ><div class=\"boldRowInner\"><div class=\"rowItem col-md-12 col-ms-12  btTextCenter animate animate-fadein animate-moveleft btMiddleVertical\"  ><div class=\"rowItemContent\" ><div class=\"btClear btSeparator topExtraSmallSpaced noBorder\" ><hr><\/div><header class=\"header btClear large  btNormalDash\" ><div class=\"dash\"><h2><span class=\"headline\">Scopri l&#8217;applicazione PharmOnline, la tua farmacia indipendente in tasca<br \/><br><\/span><\/h2><\/div><\/header><div class=\"btClear btSeparator topExtraSmallSpaced noBorder\" ><hr><\/div><\/div><\/div><\/div><\/div><\/div><\/div><\/div><\/section><section id=\"bt_section69e1bb1aac6c7\"  class=\"boldSection topSemiSpaced bottomSemiSpaced gutter inherit\" ><div class=\"port\"><div class=\"boldCell\"><div class=\"boldCellInner\"><div class=\"boldRow  \" ><div class=\"boldRowInner\"><div class=\"rowItem col-md-6 col-sm-12 btTextLeft animate animate-fadein animate-moveright btMiddleVertical\"  ><div class=\"rowItemContent\" ><header class=\"header btClear large btDash topDash  btAccentDash\" style=\" font-size:35px; font-weight:700; color:#222;\"><div class=\"dash\"><h2><span class=\"greyHeaderText\"><b class=\"animate animated\">La nostra ambizione<\/b><\/span><\/h2><\/div><\/header>\n<div class=\"btText\" ><\/p>\n<p>In un contesto sempre pi\u00f9 ambizioso e in un sistema sanitario ormai sempre pi\u00f9 sotto pressione, DirectCare si \u00e8 posta il chiaro obiettivo di creare una rete nazionale di farmacie indipendenti. Il suo scopo \u00e8 di migliorarne da un lato il posizionamento politico (sostenendo il farmacista indipendente, il ruolo significativo del farmacista in un sistema sanitario integrato, relazioni con le casse malattia) e dall\u2019altro, a livello economico (pressione sul prezzo dei medici, condizioni d\u2019acquisto e ottimizzazione delle margine, fidelizzazione dei clienti, ottimizzazione delle gestione)<\/p>\n<p>\n<\/div><div class=\"btClear btSeparator topSemiSpaced noBorder\" ><hr><\/div><\/div><\/div><div class=\"rowItem col-md-6 col-sm-12 btTextLeft animate animate-fadein animate-moveleft btMiddleVertical\"  ><div class=\"rowItemContent\" ><div class=\"btIconImageRow\" ><div class=\"bpgPhoto btTextCenter\" ><div class=\"btImage\"><img src=\"https:\/\/directcare.ch\/wp-content\/uploads\/2020\/07\/directcare5.jpg\" alt=\"\" title=\"\"><\/div><\/div><\/div><\/div><\/div><\/div><\/div><\/div><\/div><\/div><\/section><section id=\"bt_section69e1bb1aae914\"  class=\"boldSection inherit\" style=\"background-color:#13638c;\"><div class=\"port\"><div class=\"boldCell\"><div class=\"boldCellInner\"><div class=\"boldRow  \" ><div class=\"boldRowInner\"><div class=\"rowItem col-md-12 col-ms-12  btTextLeft inherit\" style=\"background-color: rgba(19, 99, 140, 0);\" ><div class=\"rowItemContent\" style = \"background-color:#13638c;\">\r\n\t\t\t<div class=\"btGoogleMapsWrapper \" \"><div id=\"map_canvas69e1bb1aafa73\" style=\"height:500px;;\" class=\"btGmap\"><\/div><div class=\"btGoogleMapsContent\"><div class=\"btGoogleMapsWrap\"><span class=\"btInfoPaneToggler\"><\/span><div class=\"btClear btSeparator bottomSemiSpaced noBorder\" ><hr><\/div><div class=\"btText\" ><\/p>\n<header class=\"header btClear large btDash topDash btAccentDash\">\n<div class=\"dash\">\n<h2><span class=\"greyHeaderText\">Contattarci<\/span><\/h2>\n<\/div>\n<\/header>\n<p>\n<\/div><div class=\"btClear btSeparator bottomSemiSpaced noBorder\" ><hr><\/div><div class=\"servicesItem  btIcoDefaultColorIcon btIcoMediumSizeIcon  \"><div class=\"sIcon\"><span class=\"btIco btIcoMediumSize btIcoDefaultType btIcoDefaultColor\" ><span  data-ico-s7=\"&#xe638;\" class=\"btIcoHolder\"><em><\/em><\/span><\/span><\/div><div class=\"sTxt\"><header class=\"header btClear small\" ><div class=\"dash\"><h4><span class=\"headline\">INDIRIZZO<\/span><\/h4><\/div><\/header><p>Chemin de la Tuili\u00e8re 2 <br\/>1184 Vinzel<\/p><\/div><\/div><div class=\"btClear btSeparator bottomSemiSpaced noBorder\" ><hr><\/div><div class=\"servicesItem  btIcoDefaultColorIcon btIcoMediumSizeIcon  \"><div class=\"sIcon\"><span class=\"btIco btIcoMediumSize btIcoDefaultType btIcoDefaultColor\" ><span  data-ico-s7=\"&#xe63a;\" class=\"btIcoHolder\"><em><\/em><\/span><\/span><\/div><div class=\"sTxt\"><header class=\"header btClear small\" ><div class=\"dash\"><h4><span class=\"headline\">EMAIL<\/span><\/h4><\/div><\/header><p>info@directcare.ch<\/p><\/div><\/div><div class=\"btClear btSeparator bottomSemiSpaced noBorder\" ><hr><\/div><div class=\"servicesItem  btIcoDefaultColorIcon btIcoMediumSizeIcon  \"><div class=\"sIcon\"><span class=\"btIco btIcoMediumSize btIcoDefaultType btIcoDefaultColor\" ><span  data-ico-s7=\"&#xe670;\" class=\"btIcoHolder\"><em><\/em><\/span><\/span><\/div><div class=\"sTxt\"><header class=\"header btClear small\" ><div class=\"dash\"><h4><span class=\"headline\">PHONE<\/span><\/h4><\/div><\/header><p>021 802 00 19<br\/><\/p><\/div><\/div><div class=\"btClear btSeparator bottomSemiSpaced noBorder\" ><hr><\/div><\/div><\/div><\/div>\r\n\t\t\t<script type=\"text\/javascript\">\r\n\t\t\t\tjQuery( document ).ready(function() {\r\n\t\t\t\t\tbt_gmap_init( map_canvas69e1bb1aafa73, 46.447590, 6.283570, 13, \"https:\/\/directcare.ch\/wp-content\/uploads\/2015\/11\/icon-green.png\", \"#13638c\", \"#13638c\", \"#13638c\", \"W3siZmVhdHVyZVR5cGUiOiJhZG1pbmlzdHJhdGl2ZSIsImVsZW1lbnRUeXBlIjoibGFiZWxzLnRleHQuZmlsbCIsInN0eWxlcnMiOlt7ImNvbG9yIjoiIzYxOTVhMCJ9XX0seyJmZWF0dXJlVHlwZSI6ImFkbWluaXN0cmF0aXZlLnByb3ZpbmNlIiwiZWxlbWVudFR5cGUiOiJnZW9tZXRyeS5zdHJva2UiLCJzdHlsZXJzIjpbeyJ2aXNpYmlsaXR5Ijoib2ZmIn1dfSx7ImZlYXR1cmVUeXBlIjoibGFuZHNjYXBlIiwiZWxlbWVudFR5cGUiOiJnZW9tZXRyeSIsInN0eWxlcnMiOlt7ImxpZ2h0bmVzcyI6IjAifSx7InNhdHVyYXRpb24iOiIwIn0seyJjb2xvciI6IiNmNWY1ZjIifSx7ImdhbW1hIjoiMSJ9XX0seyJmZWF0dXJlVHlwZSI6ImxhbmRzY2FwZS5tYW5fbWFkZSIsImVsZW1lbnRUeXBlIjoiYWxsIiwic3R5bGVycyI6W3sibGlnaHRuZXNzIjoiLTMifSx7ImdhbW1hIjoiMS4wMCJ9XX0seyJmZWF0dXJlVHlwZSI6ImxhbmRzY2FwZS5uYXR1cmFsLnRlcnJhaW4iLCJlbGVtZW50VHlwZSI6ImFsbCIsInN0eWxlcnMiOlt7InZpc2liaWxpdHkiOiJvZmYifV19LHsiZmVhdHVyZVR5cGUiOiJwb2kiLCJlbGVtZW50VHlwZSI6ImFsbCIsInN0eWxlcnMiOlt7InZpc2liaWxpdHkiOiJvZmYifV19LHsiZmVhdHVyZVR5cGUiOiJwb2kucGFyayIsImVsZW1lbnRUeXBlIjoiZ2VvbWV0cnkuZmlsbCIsInN0eWxlcnMiOlt7ImNvbG9yIjoiI2JhZTVjZSJ9LHsidmlzaWJpbGl0eSI6Im9uIn1dfSx7ImZlYXR1cmVUeXBlIjoicm9hZCIsImVsZW1lbnRUeXBlIjoiYWxsIiwic3R5bGVycyI6W3sic2F0dXJhdGlvbiI6LTEwMH0seyJsaWdodG5lc3MiOjQ1fSx7InZpc2liaWxpdHkiOiJzaW1wbGlmaWVkIn1dfSx7ImZlYXR1cmVUeXBlIjoicm9hZC5oaWdod2F5IiwiZWxlbWVudFR5cGUiOiJhbGwiLCJzdHlsZXJzIjpbeyJ2aXNpYmlsaXR5Ijoic2ltcGxpZmllZCJ9XX0seyJmZWF0dXJlVHlwZSI6InJvYWQuaGlnaHdheSIsImVsZW1lbnRUeXBlIjoiZ2VvbWV0cnkuZmlsbCIsInN0eWxlcnMiOlt7ImNvbG9yIjoiI2ZhYzlhOSJ9LHsidmlzaWJpbGl0eSI6InNpbXBsaWZpZWQifV19LHsiZmVhdHVyZVR5cGUiOiJyb2FkLmhpZ2h3YXkiLCJlbGVtZW50VHlwZSI6ImxhYmVscy50ZXh0Iiwic3R5bGVycyI6W3siY29sb3IiOiIjNGU0ZTRlIn1dfSx7ImZlYXR1cmVUeXBlIjoicm9hZC5hcnRlcmlhbCIsImVsZW1lbnRUeXBlIjoibGFiZWxzLnRleHQuZmlsbCIsInN0eWxlcnMiOlt7ImNvbG9yIjoiIzc4Nzg3OCJ9XX0seyJmZWF0dXJlVHlwZSI6InJvYWQuYXJ0ZXJpYWwiLCJlbGVtZW50VHlwZSI6ImxhYmVscy5pY29uIiwic3R5bGVycyI6W3sidmlzaWJpbGl0eSI6Im9mZiJ9XX0seyJmZWF0dXJlVHlwZSI6InRyYW5zaXQiLCJlbGVtZW50VHlwZSI6ImFsbCIsInN0eWxlcnMiOlt7InZpc2liaWxpdHkiOiJzaW1wbGlmaWVkIn1dfSx7ImZlYXR1cmVUeXBlIjoidHJhbnNpdC5zdGF0aW9uLmFpcnBvcnQiLCJlbGVtZW50VHlwZSI6ImxhYmVscy5pY29uIiwic3R5bGVycyI6W3siaHVlIjoiIzBhMDBmZiJ9LHsic2F0dXJhdGlvbiI6Ii03NyJ9LHsiZ2FtbWEiOiIwLjU3In0seyJsaWdodG5lc3MiOiIwIn1dfSx7ImZlYXR1cmVUeXBlIjoidHJhbnNpdC5zdGF0aW9uLnJhaWwiLCJlbGVtZW50VHlwZSI6ImxhYmVscy50ZXh0LmZpbGwiLCJzdHlsZXJzIjpbeyJjb2xvciI6IiM0MzMyMWUifV19LHsiZmVhdHVyZVR5cGUiOiJ0cmFuc2l0LnN0YXRpb24ucmFpbCIsImVsZW1lbnRUeXBlIjoibGFiZWxzLmljb24iLCJzdHlsZXJzIjpbeyJodWUiOiIjZmY2YzAwIn0seyJsaWdodG5lc3MiOiI0In0seyJnYW1tYSI6IjAuNzUifSx7InNhdHVyYXRpb24iOiItNjgifV19LHsiZmVhdHVyZVR5cGUiOiJ3YXRlciIsImVsZW1lbnRUeXBlIjoiYWxsIiwic3R5bGVycyI6W3siY29sb3IiOiIjZWFmNmY4In0seyJ2aXNpYmlsaXR5Ijoib24ifV19LHsiZmVhdHVyZVR5cGUiOiJ3YXRlciIsImVsZW1lbnRUeXBlIjoiZ2VvbWV0cnkuZmlsbCIsInN0eWxlcnMiOlt7ImNvbG9yIjoiI2M3ZWNlZCJ9XX0seyJmZWF0dXJlVHlwZSI6IndhdGVyIiwiZWxlbWVudFR5cGUiOiJsYWJlbHMudGV4dC5maWxsIiwic3R5bGVycyI6W3sibGlnaHRuZXNzIjoiLTQ5In0seyJzYXR1cmF0aW9uIjoiLTUzIn0seyJnYW1tYSI6IjAuNzkifV19XQ==\" );\r\n\t\t\t\t\t});\t\r\n\t\t\t<\/script>\r\n\t\t\t<\/div><\/div><\/div><\/div><\/div><\/div><\/div><\/section><\/p>\n","protected":false},"excerpt":{"rendered":"","protected":false},"author":2,"featured_media":0,"parent":0,"menu_order":0,"comment_status":"closed","ping_status":"open","template":"","meta":[],"_links":{"self":[{"href":"https:\/\/directcare.ch\/it\/wp-json\/wp\/v2\/pages\/3637"}],"collection":[{"href":"https:\/\/directcare.ch\/it\/wp-json\/wp\/v2\/pages"}],"about":[{"href":"https:\/\/directcare.ch\/it\/wp-json\/wp\/v2\/types\/page"}],"author":[{"embeddable":true,"href":"https:\/\/directcare.ch\/it\/wp-json\/wp\/v2\/users\/2"}],"replies":[{"embeddable":true,"href":"https:\/\/directcare.ch\/it\/wp-json\/wp\/v2\/comments?post=3637"}],"version-history":[{"count":20,"href":"https:\/\/directcare.ch\/it\/wp-json\/wp\/v2\/pages\/3637\/revisions"}],"predecessor-version":[{"id":3912,"href":"https:\/\/directcare.ch\/it\/wp-json\/wp\/v2\/pages\/3637\/revisions\/3912"}],"wp:attachment":[{"href":"https:\/\/directcare.ch\/it\/wp-json\/wp\/v2\/media?parent=3637"}],"curies":[{"name":"wp","href":"https:\/\/api.w.org\/{rel}","templated":true}]}}