{"id":3706,"date":"2020-07-03T17:21:51","date_gmt":"2020-07-03T15:21:51","guid":{"rendered":"https:\/\/directcare.ch\/?page_id=3706"},"modified":"2020-07-07T10:30:53","modified_gmt":"2020-07-07T08:30:53","slug":"nos-plateformes","status":"publish","type":"page","link":"https:\/\/directcare.ch\/it\/nos-plateformes\/","title":{"rendered":"Le nostre piattaforme"},"content":{"rendered":"<p><section id=\"bt_section69f0d17b347db\"  class=\"boldSection btDivider topSemiSpaced bottomSemiSpaced btDarkSkin gutter inherit\" style=\"background-color:#13638c;\"><div class=\"port\"><div class=\"boldCell\"><div class=\"boldCellInner\"><div class=\"boldRow  \" ><div class=\"boldRowInner\"><div class=\"rowItem col-md-12 col-ms-12  btTextLeft animate animate-fadein animate-moveleft inherit\"  ><div class=\"rowItemContent\" ><div class=\"btClear btSeparator topExtraSmallSpaced noBorder\" ><hr><\/div><div class=\"btClear btSeparator topExtraSmallSpaced noBorder\" ><hr><\/div><header class=\"header btClear large  btNormalDash\" ><div class=\"dash\"><h2><span class=\"headline\">Nos Plateformes<\/span><\/h2><\/div><\/header><\/div><\/div><\/div><\/div><\/div><\/div><\/div><\/section><section id=\"bt_section69f0d17b34cec\"  class=\"boldSection topSmallSpaced bottomSmallSpaced gutter btMiddleVertical\" ><div class=\"port\"><div class=\"boldCell\"><div class=\"boldCellInner\"><div class=\"boldRow  \" ><div class=\"boldRowInner\"><div class=\"rowItem col-md-12 col-ms-12  btTextLeft inherit\"  ><div class=\"rowItemContent\" ><div class=\"btIconImageRow\" ><div class=\"bpgPhoto btTextCenter\" ><div class=\"btImage\"><img src=\"https:\/\/directcare.ch\/wp-content\/uploads\/2020\/04\/Direct-Care-reseau-pharmacie-suisse-geneve-vaud-application-pharmonline-pharmacollect-logo-pharmonline-2.png\" alt=\"\" title=\"\"><\/div><\/div><\/div><div class=\"btClear btSeparator topSmallSpaced noBorder\" ><hr><\/div><header class=\"header btClear large btDash topDash  btAccentDash\" style=\" font-size:35px; font-weight:700; color:#222;\"><div class=\"dash\"><h2><span class=\"greyHeaderText\"><b class=\"animate animated\">Votre pharmacie dans la poche<\/b><\/span><\/h2><\/div><\/header><div class=\"btClear btSeparator topSpaced noBorder\" ><hr><\/div><\/div><\/div><\/div><\/div><div class=\"boldRow  \" ><div class=\"boldRowInner\"><div class=\"rowItem col-md-6 col-sm-12 btTextLeft animate animate-fadein animate-moveleft btMiddleVertical btNoPadding\"  ><div class=\"rowItemContent\" ><div class=\"btIconImageRow\" ><div class=\"bpgPhoto btTextCenter\" ><div class=\"btImage\"><img src=\"https:\/\/directcare.ch\/wp-content\/uploads\/2020\/04\/Direct-Care-rreseau-pharmacie-suisse-geneve-vaud-application-pharmonline-main-2.png\" alt=\"\" title=\"\"><\/div><\/div><\/div><div class=\"btClear btSeparator topSpaced noBorder\" ><hr><\/div><\/div><\/div><div class=\"rowItem col-md-6 col-sm-12 btTextLeft animate animate-fadein animate-moveright btMiddleVertical\"  ><div class=\"rowItemContent\" ><div class=\"btClear btSeparator topSmallSpaced noBorder\" ><hr><\/div><header class=\"header btClear medium  btAlternateDash\" ><div class=\"dash\"><h3><span class=\"headline\">Options de l&#8217;application <\/span><\/h3><\/div><\/header><div class=\"btClear btSeparator topSmallSpaced noBorder\" ><hr><\/div><div class=\"btTabs tabsVertical \" \" data-open-first=\"yes\"><ul class=\"tabsHeader\"><li><span>Rechercher une Pharmacie<\/span><\/li><li><span>G\u00e9rer ses Ordonnances et ses traitements<\/span><\/li><li><span>Prendre RDV<\/span><\/li><li><span>Commander un produit<\/span><\/li><li><span>Blog<\/span><\/li><\/ul><div class=\"tabPanes accordionPanes\"><div class=\"tabPane\">\r\n\t\t\t<div class=\"tabAccordionTitle\"><span>Rechercher une Pharmacie<\/span><\/div>\r\n\t\t\t<div class=\"tabAccordionContent\"><\/p>\n<p>Orientation des clients vers la pharmacie la plus proche appartenant au r\u00e9seau PharmOnline.<\/p>\n<p>\n<\/div>\r\n\t\t<\/div><div class=\"tabPane\">\r\n\t\t\t<div class=\"tabAccordionTitle\"><span>G\u00e9rer ses Ordonnances et ses traitements<\/span><\/div>\r\n\t\t\t<div class=\"tabAccordionContent\"><\/p>\n<ul>\n<li>Envoi s\u00e9curis\u00e9 des ordonnances et traitement par la pharmacie choisie ( pas d\u2019envoie postal).<\/li>\n<li>Historique des ordonnances et syst\u00e8me de rappel pour la prise des m\u00e9dicaments ( observance th\u00e9rapeutique ).<\/li>\n<\/ul>\n<p>\n<\/div>\r\n\t\t<\/div><div class=\"tabPane\">\r\n\t\t\t<div class=\"tabAccordionTitle\"><span>Prendre RDV<\/span><\/div>\r\n\t\t\t<div class=\"tabAccordionContent\"><\/p>\n<p>Pr\u00e9sentation des prestations principales et possibilit\u00e9s pour le client de prendre RDV avec le pharmacien (agenda partag\u00e9).<\/p>\n<p>\n<\/div>\r\n\t\t<\/div><div class=\"tabPane\">\r\n\t\t\t<div class=\"tabAccordionTitle\"><span>Commander un produit<\/span><\/div>\r\n\t\t\t<div class=\"tabAccordionContent\"><\/p>\n<ul>\n<li>Les pharmacies poss\u00e9dant un webshop sont particuli\u00e8rement valoris\u00e9es.<\/li>\n<\/ul>\n<p>\n<\/div>\r\n\t\t<\/div><div class=\"tabPane\">\r\n\t\t\t<div class=\"tabAccordionTitle\"><span>Blog<\/span><\/div>\r\n\t\t\t<div class=\"tabAccordionContent\"><\/p>\n<ul>\n<li>Blog d\u2019actualit\u00e9s sant\u00e9.<\/li>\n<\/ul>\n<p>\n<\/div>\r\n\t\t<\/div><\/div><\/div><div class=\"btClear btSeparator topSemiSpaced noBorder\" ><hr><\/div><header class=\"header btClear small  btAlternateDash\" ><div class=\"dash\"><h4><span class=\"headline\">T\u00e9l\u00e9chargez notre application sur :<\/span><\/h4><\/div><\/header><div class=\"btIconImageRow\" ><div class=\"bpgPhoto btTextCenter\" ><div class=\"btImage\"><img src=\"https:\/\/directcare.ch\/wp-content\/uploads\/2020\/04\/Direct-Care-reseau-pharmacie-suisse-geneve-vaud-application-pharmonline-pharmacollect-logo-app-store.png\" alt=\"\" title=\"\"><\/div><\/div><div class=\"bpgPhoto btTextCenter btSimpleHoverType\" ><div class=\"btImage\"><img src=\"https:\/\/directcare.ch\/wp-content\/uploads\/2020\/04\/Direct-Care-reseau-pharmacie-suisse-geneve-vaud-application-pharmonline-pharmacollect-logo-googleplay-.png\" alt=\"\" title=\"\"><\/div><\/div><\/div><div class=\"btText\" ><\/p>\n<p><span style=\"font-size: xx-small;\">*Prestation r\u00e9alis\u00e9e en collaboration avec pharmaFocus<\/span><\/p>\n<p>\n<\/div><div class=\"btClear btSeparator topSemiSpaced noBorder\" ><hr><\/div><header class=\"header btClear small  btAlternateDash\" ><div class=\"dash\"><h4><span class=\"headline\">ou inscrivez-vous sur : www.pharmonline.ch<\/span><\/h4><\/div><\/header><a href=\"https:\/\/pharmonline.ch\/fr\" class=\"btBtn btBtn btnFilledStyle btnAccentColor btnMedium btnNormalWidth btnLeftPosition btnIco\"  target=\"_self\"><span class=\"btnInnerText\">www.pharmonline.ch\/fr<\/span><span class=\"btIco \" ><span  data-ico-fa=\"&#xf101;\" class=\"btIcoHolder\"><em><\/em><\/span><\/span><\/a><div class=\"btClear btSeparator topSpaced noBorder\" ><hr><\/div><\/div><\/div><\/div><\/div><\/div><\/div><\/div><\/section><section id=\"bt_section69f0d17b46511\"  class=\"boldSection btDivider topSmallSpaced bottomSmallSpaced btDarkSkin gutter inherit\" style=\"background-color:#13638c;\"><div class=\"port\"><div class=\"boldCell\"><div class=\"boldCellInner\"><div class=\"boldRow  \" ><div class=\"boldRowInner\"><div class=\"rowItem col-md-12 col-ms-12  btTextCenter animate animate-fadein animate-moveleft btMiddleVertical\"  ><div class=\"rowItemContent\" ><div class=\"btClear btSeparator topExtraSmallSpaced noBorder\" ><hr><\/div><header class=\"header btClear large  btNormalDash\" style=\"text-align:left\"><div class=\"dash\"><h2><span class=\"headline\">CONTACTEZ-NOUS<\/span><\/h2><\/div><\/header><div class=\"btClear btSeparator topExtraSmallSpaced noBorder\" ><hr><\/div><a href=\"https:\/\/directcare.ch\/contact\/\" class=\"btBtn btBtn btnFilledStyle btnLightColor btnMedium btnNormalWidth btnLeftPosition btnIco\" style=\"float:left\" target=\"_self\"><span class=\"btnInnerText\">Contactez-nous<\/span><span class=\"btIco \" ><span  data-ico-fa=\"&#xf101;\" class=\"btIcoHolder\"><em><\/em><\/span><\/span><\/a><div class=\"btClear btSeparator topExtraSmallSpaced noBorder\" ><hr><\/div><\/div><\/div><\/div><\/div><\/div><\/div><\/div><\/section><section id=\"bt_section69f0d17b46954\"  class=\"boldSection topSmallSpaced bottomSmallSpaced gutter btMiddleVertical\" ><div class=\"port\"><div class=\"boldCell\"><div class=\"boldCellInner\"><div class=\"boldRow  \" ><div class=\"boldRowInner\"><div class=\"rowItem col-md-12 col-ms-12  btTextLeft inherit\"  ><div class=\"rowItemContent\" ><div class=\"btIconImageRow\" ><div class=\"bpgPhoto btTextCenter\" ><div class=\"btImage\"><img src=\"https:\/\/directcare.ch\/wp-content\/uploads\/2020\/04\/Pharma-collect-Direct-Care-reseau-pharmacie-suisse-geneve-vaud-application-pharmonline-pharmacollect-BACKground-.jpg\" alt=\"\" title=\"\"><\/div><\/div><\/div><div class=\"btClear btSeparator topSmallSpaced noBorder\" ><hr><\/div><header class=\"header btClear large btDash topDash  btAccentDash\" style=\" font-size:35px; font-weight:700; color:#222;\"><div class=\"dash\"><h2><span class=\"greyHeaderText\"><b class=\"animate animated\">La solution digitale avec e-commerce pour les pharmacies ind\u00e9pendantes ! <\/b><\/span><\/h2><\/div><\/header><div class=\"btClear btSeparator topSpaced noBorder\" ><hr><\/div><\/div><\/div><\/div><\/div><div class=\"boldRow  \" ><div class=\"boldRowInner\"><div class=\"rowItem col-md-6 col-sm-12 btTextLeft animate animate-fadein animate-moveright btMiddleVertical\"  ><div class=\"rowItemContent\" ><div class=\"btClear btSeparator topSmallSpaced noBorder\" ><hr><\/div><header class=\"header btClear medium  btAlternateDash\" ><div class=\"dash\"><h3><span class=\"headline\">Options du CMS Pharma Collect<\/span><\/h3><\/div><\/header><div class=\"btClear btSeparator topSmallSpaced noBorder\" ><hr><\/div><div class=\"btTabs tabsVertical \" \" data-open-first=\"yes\"><ul class=\"tabsHeader\"><li><span>Un site web \u00e0 votre image<\/span><\/li><li><span>E-commerce pour la vente de vos produits<\/span><\/li><li><span>Envoie des Ordonnances<\/span><\/li><li><span>Rubrique Actualit\u00e9s<\/span><\/li><li><span>Site web &#8220;cl\u00e9 en main&#8220; intuitif et facile d&#8217;utilisation<\/span><\/li><\/ul><div class=\"tabPanes accordionPanes\"><div class=\"tabPane\">\r\n\t\t\t<div class=\"tabAccordionTitle\"><span>Un site web \u00e0 votre image<\/span><\/div>\r\n\t\t\t<div class=\"tabAccordionContent\"><\/p>\n<p>Pr\u00e9sentation personnalis\u00e9e de votre pharmacie et de ses prestations sur la base de votre identit\u00e9 visuelle.<\/p>\n<p>\n<\/div>\r\n\t\t<\/div><div class=\"tabPane\">\r\n\t\t\t<div class=\"tabAccordionTitle\"><span>E-commerce pour la vente de vos produits<\/span><\/div>\r\n\t\t\t<div class=\"tabAccordionContent\"><\/p>\n<ul>\n<li>Shop en ligne, le client choisit le retrait \u00e0 la pharmacie ou la livraison \u00e0 domicile.<\/li>\n<li>Gestion autonome de la liste des produits, des prix appliqu\u00e9s et des promotions.<\/li>\n<\/ul>\n<p>\n<\/div>\r\n\t\t<\/div><div class=\"tabPane\">\r\n\t\t\t<div class=\"tabAccordionTitle\"><span>Envoie des Ordonnances<\/span><\/div>\r\n\t\t\t<div class=\"tabAccordionContent\"><\/p>\n<p>Envoi s\u00e9curis\u00e9 des ordonnances.<\/p>\n<p>\n<\/div>\r\n\t\t<\/div><div class=\"tabPane\">\r\n\t\t\t<div class=\"tabAccordionTitle\"><span>Rubrique Actualit\u00e9s<\/span><\/div>\r\n\t\t\t<div class=\"tabAccordionContent\"><\/p>\n<p>Rubrique \u201cactualit\u00e9s\u201d informez votre client\u00e8le avec des informations r\u00e9centes et utiles sur le th\u00e8me de la sant\u00e9.<\/p>\n<p>\n<\/div>\r\n\t\t<\/div><div class=\"tabPane\">\r\n\t\t\t<div class=\"tabAccordionTitle\"><span>Site web &#8220;cl\u00e9 en main&#8220; intuitif et facile d&#8217;utilisation<\/span><\/div>\r\n\t\t\t<div class=\"tabAccordionContent\"><\/p>\n<p>CMS ( content management system ) intuitif et facile \u00e0 utiliser et acc\u00e8s \u00e0 la liste de vos clients et aux statistiques de ventes.<\/p>\n<p>\n<\/div>\r\n\t\t<\/div><\/div><\/div><div class=\"btClear btSeparator topSemiSpaced noBorder\" ><hr><\/div><header class=\"header btClear small  btAlternateDash\" ><div class=\"dash\"><h4><span class=\"headline\">Contactez-nous pour <\/span><\/h4><\/div><\/header><a href=\"https:\/\/directcare.ch\/contact\/\" class=\"btBtn btBtn btnFilledStyle btnAccentColor btnMedium btnNormalWidth btnLeftPosition btnIco\"  target=\"_self\"><span class=\"btnInnerText\">Contactez-nous<\/span><span class=\"btIco \" ><span  data-ico-fa=\"&#xf101;\" class=\"btIcoHolder\"><em><\/em><\/span><\/span><\/a><div class=\"btClear btSeparator topSpaced noBorder\" ><hr><\/div><\/div><\/div><div class=\"rowItem col-md-6 col-sm-12 btTextLeft animate animate-fadein animate-moveleft btMiddleVertical btNoPadding\"  ><div class=\"rowItemContent\" ><div class=\"btIconImageRow\" ><div class=\"bpgPhoto btTextCenter\" ><div class=\"btImage\"><img src=\"https:\/\/directcare.ch\/wp-content\/uploads\/2020\/04\/Direct-Care-reseau-pharmacie-suisse-geneve-vaud-application-pharmonline-pharmacollect-cms-.png\" alt=\"\" title=\"\"><\/div><\/div><\/div><div class=\"btClear btSeparator topSpaced noBorder\" ><hr><\/div><\/div><\/div><\/div><\/div><\/div><\/div><\/div><\/section><section id=\"bt_section69f0d17b4dedf\"  class=\"boldSection gutter\" ><div class=\"port\"><div class=\"boldCell\"><div class=\"boldCellInner\"><div class=\"boldRow  \" ><div class=\"boldRowInner\"><div class=\"rowItem col-md-12 col-ms-12  btTextLeft\"  ><div class=\"rowItemContent\" ><div class=\"btClear btSeparator topSpaced noBorder\" ><hr><\/div><\/div><\/div><\/div><\/div><\/div><\/div><\/div><\/section><\/p>\n","protected":false},"excerpt":{"rendered":"","protected":false},"author":1,"featured_media":0,"parent":0,"menu_order":0,"comment_status":"closed","ping_status":"closed","template":"","meta":[],"_links":{"self":[{"href":"https:\/\/directcare.ch\/it\/wp-json\/wp\/v2\/pages\/3706"}],"collection":[{"href":"https:\/\/directcare.ch\/it\/wp-json\/wp\/v2\/pages"}],"about":[{"href":"https:\/\/directcare.ch\/it\/wp-json\/wp\/v2\/types\/page"}],"author":[{"embeddable":true,"href":"https:\/\/directcare.ch\/it\/wp-json\/wp\/v2\/users\/1"}],"replies":[{"embeddable":true,"href":"https:\/\/directcare.ch\/it\/wp-json\/wp\/v2\/comments?post=3706"}],"version-history":[{"count":4,"href":"https:\/\/directcare.ch\/it\/wp-json\/wp\/v2\/pages\/3706\/revisions"}],"predecessor-version":[{"id":3858,"href":"https:\/\/directcare.ch\/it\/wp-json\/wp\/v2\/pages\/3706\/revisions\/3858"}],"wp:attachment":[{"href":"https:\/\/directcare.ch\/it\/wp-json\/wp\/v2\/media?parent=3706"}],"curies":[{"name":"wp","href":"https:\/\/api.w.org\/{rel}","templated":true}]}}